{"id":68,"date":"2017-05-23T09:32:04","date_gmt":"2017-05-23T09:32:04","guid":{"rendered":"https:\/\/rolosys.com\/?page_id=68"},"modified":"2021-06-15T00:30:55","modified_gmt":"2021-06-15T00:30:55","slug":"about-us","status":"publish","type":"page","link":"https:\/\/rolosys.com\/es\/about-us\/","title":{"rendered":"Nosotros"},"content":{"rendered":"<p>\r\n\r\n<div  id=\"section-69ea43a95e0c9\" class=\"tag-e1619193705de8fc547179f110daac27 shortcode shortcode-section etdukandari_etcodes_section\"  >\r\n\t\r\n\t\t\t<div class=\"container\">\r\n\t\t<div class=\"row  height_80\">\r\n\t\t\t\t\t<\/div>\r\n\t<\/div>\r\n\t\r\n<\/div>\r\n\r\n\r\n\r\n<div  id=\"section-69ea43a95e245\" class=\"tag-57c72189aa57aaf82d0c0b57e709f540 shortcode shortcode-section etdukandari_etcodes_section\"  >\r\n\t\r\n\t\t\t<div class=\"container-fluid\">\r\n\t\t<div class=\"row\">\r\n\t\t\t<div class=\"tag-3d769344ce45c8a299b69dcde6b789dc shortcode shortcode-column col-md-4\">\r\n     \r\n            \r\n                        \r\n                \r\n\t<div class=\"shortcode shortcode-text-block tag-b119f3412da1ff17062cce8572a1895a\">\r\n\t\t\r\n\t\t<h2>Nuestra Visi\u00f3n<\/h2><p>Con gran experiencia en marketing, TI y hoteler\u00eda, nos esforzamos por transformar las experiencias de los hu\u00e9spedes sintetizando la conexi\u00f3n entre los seres humanos y la tecnolog\u00eda.<\/p>\r\n\t<\/div>\r\n\r\n        \r\n    \r\n<\/div>\r\n\r\n<div class=\"tag-9830eafef1481c08c1c8a73b54fac1a5 shortcode shortcode-column col-md-4\">\r\n     \r\n            \r\n                        \r\n                \r\n\t<div class=\"shortcode shortcode-text-block tag-11e9b6322c854c89849044f344c21e0c\">\r\n\t\t\r\n\t\t<p>Nuestra misi\u00f3n es revolucionar la industria hotelera reemplazando los puntos de contacto en persona con opciones de autoservicio m\u00e1s seguras y sin fricciones.<\/p><p>&nbsp;<\/p>\r\n\t<\/div>\r\n\r\n        \r\n    \r\n<\/div>\r\n\r\n<div class=\"tag-3bf7634ed32a8c3498e12c72abef5757 shortcode shortcode-column col-md-4\">\r\n     \r\n            \r\n                        \r\n                \r\n    <div class=\"shortcode shortcode-banner tag-ce9d82c1a8b3aab884178389a18d2309\">\r\n        \r\n                    \r\n                                                    <img data-recalc-dims=\"1\" loading=\"lazy\" decoding=\"async\" class=\"\" src=\"https:\/\/i0.wp.com\/rolosys.com\/wp-content\/uploads\/2021\/06\/about-small-1150x766.jpg?resize=848%2C565\" alt=\"about-small\" width=\"848\" height=\"565\">\r\n                                    \r\n                                \r\n                            <\/div>\r\n\r\n\t<div class=\"shortcode shortcode-text-block tag-b2dd575a4ca05e41d78ecc994e65df5f\">\r\n\t\t\r\n\t\t<p>ROLO - La conexi\u00f3n entre humanos y tecnolog\u00eda.<\/p>\r\n\t<\/div>\r\n\r\n        \r\n    \r\n<\/div>\r\n\r\n\n\n\t\t<\/div>\r\n\t<\/div>\r\n\t\r\n<\/div>\r\n\r\n\r\n\r\n<div  id=\"section-69ea43a95f9b5\" class=\"tag-39ba1570b33c2675f5343f397bea52ba shortcode shortcode-section etdukandari_etcodes_section\"  >\r\n\t\r\n\t\t\t<div class=\"container-fluid\">\r\n\t\t<div class=\"row  align-items-center height_65\">\r\n\t\t\t<div class=\"tag-d09775962dc6e11a8482fc5170607083 shortcode shortcode-column col-md-6 height_65\">\r\n     \r\n            \r\n                        \r\n                \r\n        \r\n    \r\n<\/div>\r\n\r\n<div class=\"tag-f8d40868a710f99953562abcf913fa2a shortcode shortcode-column col-md-6\">\r\n     \r\n            \r\n                        \r\n                \r\n\t<div class=\"shortcode shortcode-headings  tag-973b6d7dae77ca40bc113605a0d978f9          align-left\">\r\n\t\r\n\t\r\n\t\t\t<h2 class=\"tag-35410ec4383d073fe1560fb0541ce11d no\">Hecho con amor<\/h2>\r\n\t\r\n\t\r\n\t<\/div> \r\n\r\n\t<div class=\"shortcode shortcode-text-block tag-bf0bf0ee044d4e1b3e8c04abeb9cbe18\">\r\n\t\t\r\n\t\t<p style=\"text-align: left;\">Somos un equipo de especialistas en marketing y tecnolog\u00eda que construyen e implementan soluciones tecnol\u00f3gicas y  de marketing digital  rentables y de alto rendimiento para brindar la mejor experiencia al hu\u00e9sped.<\/p>\r\n\t<\/div>\r\n\r\n        \r\n    \r\n<\/div>\r\n\r\n\n\n\t\t<\/div>\r\n\t<\/div>\r\n\t\r\n<\/div>\r\n\r\n<\/p>","protected":false},"excerpt":{"rendered":"<p>Our VisionWith many years of combined experience in Marketing, IT and Hospitality, we strive to transform guest experiences by tightening the connection between humans and technology. Our Mission is to disrupt the hospitality industry by replacing in-person touchpoints with safer and frictionless self-service options.&nbsp; ROLO &#8211; The connection between humans and technology. Made with love [&hellip;]<\/p>\n","protected":false},"author":1,"featured_media":0,"parent":0,"menu_order":0,"comment_status":"closed","ping_status":"closed","template":"visual-builder-template.php","meta":{"nf_dc_page":"","footnotes":""},"class_list":["post-68","page","type-page","status-publish","hentry"],"jetpack_sharing_enabled":true,"_links":{"self":[{"href":"https:\/\/rolosys.com\/es\/wp-json\/wp\/v2\/pages\/68","targetHints":{"allow":["GET"]}}],"collection":[{"href":"https:\/\/rolosys.com\/es\/wp-json\/wp\/v2\/pages"}],"about":[{"href":"https:\/\/rolosys.com\/es\/wp-json\/wp\/v2\/types\/page"}],"author":[{"embeddable":true,"href":"https:\/\/rolosys.com\/es\/wp-json\/wp\/v2\/users\/1"}],"replies":[{"embeddable":true,"href":"https:\/\/rolosys.com\/es\/wp-json\/wp\/v2\/comments?post=68"}],"version-history":[{"count":5,"href":"https:\/\/rolosys.com\/es\/wp-json\/wp\/v2\/pages\/68\/revisions"}],"predecessor-version":[{"id":2366,"href":"https:\/\/rolosys.com\/es\/wp-json\/wp\/v2\/pages\/68\/revisions\/2366"}],"wp:attachment":[{"href":"https:\/\/rolosys.com\/es\/wp-json\/wp\/v2\/media?parent=68"}],"curies":[{"name":"wp","href":"https:\/\/api.w.org\/{rel}","templated":true}]}}